{"id":331,"date":"2020-08-27T18:16:40","date_gmt":"2020-08-27T18:16:40","guid":{"rendered":"https:\/\/creativo.work\/gena\/?post_type=product&#038;p=331"},"modified":"2020-12-30T21:02:34","modified_gmt":"2020-12-30T21:02:34","slug":"emulsion-asfaltica-de-rotura-lenta","status":"publish","type":"product","link":"https:\/\/creativo.work\/gena\/producto\/emulsion-asfaltica-de-rotura-lenta\/","title":{"rendered":"EMULSI\u00d3N ASF\u00c1LTICA DE ROTURA LENTA"},"content":{"rendered":"<p>Estas emulsiones asf\u00e1lticas tambi\u00e9n llamadas emulsiones de\u00a0curado\u00a0lento alcanzan una estabilidad\u00a0de\u00a0mezclado superior. Sus per\u00edodos largos de trabajabilidad permiten garantizar una buena mezcla con los agregados de gradaci\u00f3n\u00a0densa y\u00a0alto\u00a0contenido de finos, se puede adicionar cal\u00a0hidratada o cemento para\u00a0acelerar\u00a0el\u00a0proceso\u00a0de\u00a0ruptura.<\/p>\n<p>&nbsp;<\/p>\n","protected":false},"excerpt":{"rendered":"<p>APLICACI\u00d3N:<\/p>\n<ul>\n<li>Estabilizaci\u00f3n\u00a0de suelos.<\/li>\n<li>Imprimaciones asf\u00e1lticas.<\/li>\n<li>Mortero\u00a0asf\u00e1ltico (SLURRY SEAL).<\/li>\n<li>Reciclado de pavimentos a\u00a0profundidad\u00a0total.<\/li>\n<\/ul>\n<p>&nbsp;<\/p>\n[ht-ctc-chat]\n","protected":false},"featured_media":584,"template":"","meta":[],"product_cat":[17],"product_tag":[],"class_list":["post-331","product","type-product","status-publish","has-post-thumbnail","hentry","product_cat-sin-categorizar"],"_links":{"self":[{"href":"https:\/\/creativo.work\/gena\/wp-json\/wp\/v2\/product\/331","targetHints":{"allow":["GET"]}}],"collection":[{"href":"https:\/\/creativo.work\/gena\/wp-json\/wp\/v2\/product"}],"about":[{"href":"https:\/\/creativo.work\/gena\/wp-json\/wp\/v2\/types\/product"}],"wp:featuredmedia":[{"embeddable":true,"href":"https:\/\/creativo.work\/gena\/wp-json\/wp\/v2\/media\/584"}],"wp:attachment":[{"href":"https:\/\/creativo.work\/gena\/wp-json\/wp\/v2\/media?parent=331"}],"wp:term":[{"taxonomy":"product_cat","embeddable":true,"href":"https:\/\/creativo.work\/gena\/wp-json\/wp\/v2\/product_cat?post=331"},{"taxonomy":"product_tag","embeddable":true,"href":"https:\/\/creativo.work\/gena\/wp-json\/wp\/v2\/product_tag?post=331"}],"curies":[{"name":"wp","href":"https:\/\/api.w.org\/{rel}","templated":true}]}}