{"id":5858,"date":"2024-06-19T15:17:22","date_gmt":"2024-06-19T20:17:22","guid":{"rendered":"https:\/\/creativo.work\/simcosac\/?page_id=5858"},"modified":"2024-06-26T15:10:11","modified_gmt":"2024-06-26T20:10:11","slug":"contactenos","status":"publish","type":"page","link":"https:\/\/creativo.work\/simcosac\/contactenos\/","title":{"rendered":"Cont\u00e1ctenos"},"content":{"rendered":"\t\t<div data-elementor-type=\"wp-page\" data-elementor-id=\"5858\" class=\"elementor elementor-5858\" data-elementor-settings=\"[]\">\n\t\t\t\t\t\t<div class=\"elementor-inner\">\n\t\t\t\t\t\t\t<div class=\"elementor-section-wrap\">\n\t\t\t\t\t\t\t<section class=\"elementor-section elementor-top-section elementor-element elementor-element-1a19bfa elementor-section-stretched elementor-section-boxed elementor-section-height-default elementor-section-height-default\" data-id=\"1a19bfa\" data-element_type=\"section\" data-settings=\"{&quot;stretch_section&quot;:&quot;section-stretched&quot;,&quot;background_background&quot;:&quot;classic&quot;}\">\n\t\t\t\t\t\t<div class=\"elementor-container elementor-column-gap-wider\">\n\t\t\t\t\t\t\t<div class=\"elementor-row\">\n\t\t\t\t\t<div class=\"elementor-column elementor-col-100 elementor-top-column elementor-element elementor-element-d8ffe1e\" data-id=\"d8ffe1e\" data-element_type=\"column\">\n\t\t\t<div class=\"elementor-column-wrap elementor-element-populated\">\n\t\t\t\t\t\t\t<div class=\"elementor-widget-wrap\">\n\t\t\t\t\t\t<section class=\"elementor-section elementor-inner-section elementor-element elementor-element-905b2e3 elementor-section-boxed elementor-section-height-default elementor-section-height-default\" data-id=\"905b2e3\" data-element_type=\"section\">\n\t\t\t\t\t\t<div class=\"elementor-container elementor-column-gap-default\">\n\t\t\t\t\t\t\t<div class=\"elementor-row\">\n\t\t\t\t\t<div class=\"elementor-column elementor-col-33 elementor-inner-column elementor-element elementor-element-c0cf45c\" data-id=\"c0cf45c\" data-element_type=\"column\">\n\t\t\t<div class=\"elementor-column-wrap\">\n\t\t\t\t\t\t\t<div class=\"elementor-widget-wrap\">\n\t\t\t\t\t\t\t\t<\/div>\n\t\t\t\t\t<\/div>\n\t\t<\/div>\n\t\t\t\t<div class=\"elementor-column elementor-col-33 elementor-inner-column elementor-element elementor-element-943f059\" data-id=\"943f059\" data-element_type=\"column\">\n\t\t\t<div class=\"elementor-column-wrap elementor-element-populated\">\n\t\t\t\t\t\t\t<div class=\"elementor-widget-wrap\">\n\t\t\t\t\t\t<div class=\"elementor-element elementor-element-26e8a96 elementor-widget elementor-widget-text-editor\" data-id=\"26e8a96\" data-element_type=\"widget\" data-widget_type=\"text-editor.default\">\n\t\t\t\t<div class=\"elementor-widget-container\">\n\t\t\t\t\t<div class=\"elementor-text-editor elementor-clearfix\"><h2><span style=\"color: #000;\">Contacto<\/span><\/h2><\/div>\n\t\t\t\t<\/div>\n\t\t\t\t<\/div>\n\t\t\t\t\t\t<\/div>\n\t\t\t\t\t<\/div>\n\t\t<\/div>\n\t\t\t\t<div class=\"elementor-column elementor-col-33 elementor-inner-column elementor-element elementor-element-92ac27f\" data-id=\"92ac27f\" data-element_type=\"column\">\n\t\t\t<div class=\"elementor-column-wrap\">\n\t\t\t\t\t\t\t<div class=\"elementor-widget-wrap\">\n\t\t\t\t\t\t\t\t<\/div>\n\t\t\t\t\t<\/div>\n\t\t<\/div>\n\t\t\t\t\t\t\t\t<\/div>\n\t\t\t\t\t<\/div>\n\t\t<\/section>\n\t\t\t\t\t\t<\/div>\n\t\t\t\t\t<\/div>\n\t\t<\/div>\n\t\t\t\t\t\t\t\t<\/div>\n\t\t\t\t\t<\/div>\n\t\t<\/section>\n\t\t\t\t<section class=\"elementor-section elementor-top-section elementor-element elementor-element-e5301f1 elementor-section-stretched elementor-section-boxed elementor-section-height-default elementor-section-height-default\" data-id=\"e5301f1\" data-element_type=\"section\" data-settings=\"{&quot;stretch_section&quot;:&quot;section-stretched&quot;,&quot;background_background&quot;:&quot;classic&quot;}\">\n\t\t\t\t\t\t<div class=\"elementor-container elementor-column-gap-wider\">\n\t\t\t\t\t\t\t<div class=\"elementor-row\">\n\t\t\t\t\t<div class=\"elementor-column elementor-col-100 elementor-top-column elementor-element elementor-element-44b2615\" data-id=\"44b2615\" data-element_type=\"column\">\n\t\t\t<div class=\"elementor-column-wrap elementor-element-populated\">\n\t\t\t\t\t\t\t<div class=\"elementor-widget-wrap\">\n\t\t\t\t\t\t<section class=\"elementor-section elementor-inner-section elementor-element elementor-element-da86e0b elementor-section-boxed elementor-section-height-default elementor-section-height-default\" data-id=\"da86e0b\" data-element_type=\"section\">\n\t\t\t\t\t\t<div class=\"elementor-container elementor-column-gap-default\">\n\t\t\t\t\t\t\t<div class=\"elementor-row\">\n\t\t\t\t\t<div class=\"elementor-column elementor-col-66 elementor-inner-column elementor-element elementor-element-3e5b6fd\" data-id=\"3e5b6fd\" data-element_type=\"column\">\n\t\t\t<div class=\"elementor-column-wrap elementor-element-populated\">\n\t\t\t\t\t\t\t<div class=\"elementor-widget-wrap\">\n\t\t\t\t\t\t<div class=\"elementor-element elementor-element-0c3584d elementor-widget elementor-widget-image\" data-id=\"0c3584d\" data-element_type=\"widget\" data-widget_type=\"image.default\">\n\t\t\t\t<div class=\"elementor-widget-container\">\n\t\t\t\t\t<div class=\"elementor-image\">\n\t\t\t\t\t\t\t\t\t\t<img decoding=\"async\" src=\"https:\/\/creativo.work\/simcosac\/wp-content\/uploads\/elementor\/thumbs\/contact-qpwmxcwusv8abq72dwa74t1h9j2a0mkmiax5p8qhs8.jpg\" title=\"contact\" alt=\"contact\" \/>\t\t\t\t\t\t\t\t\t\t\t<\/div>\n\t\t\t\t<\/div>\n\t\t\t\t<\/div>\n\t\t\t\t\t\t<\/div>\n\t\t\t\t\t<\/div>\n\t\t<\/div>\n\t\t\t\t<div class=\"elementor-column elementor-col-33 elementor-inner-column elementor-element elementor-element-bbb739d\" data-id=\"bbb739d\" data-element_type=\"column\">\n\t\t\t<div class=\"elementor-column-wrap elementor-element-populated\">\n\t\t\t\t\t\t\t<div class=\"elementor-widget-wrap\">\n\t\t\t\t\t\t<div class=\"elementor-element elementor-element-8b0585e elementor-position-left elementor-view-default elementor-vertical-align-top elementor-widget elementor-widget-icon-box\" data-id=\"8b0585e\" data-element_type=\"widget\" data-widget_type=\"icon-box.default\">\n\t\t\t\t<div class=\"elementor-widget-container\">\n\t\t\t\t\t<div class=\"elementor-icon-box-wrapper\">\n\t\t\t\t\t\t<div class=\"elementor-icon-box-icon\">\n\t\t\t\t<span class=\"elementor-icon elementor-animation-\" >\n\t\t\t\t<i aria-hidden=\"true\" class=\"fas fa-map-marker-alt\"><\/i>\t\t\t\t<\/span>\n\t\t\t<\/div>\n\t\t\t\t\t\t<div class=\"elementor-icon-box-content\">\n\t\t\t\t<h3 class=\"elementor-icon-box-title\">\n\t\t\t\t\t<span >Direcci\u00f3n:<\/span>\n\t\t\t\t<\/h3>\n\t\t\t\t\t\t\t\t<p class=\"elementor-icon-box-description\">Av. Las Mercedes 336 Urb. Los Angeles<\/p>\n\t\t\t\t\t\t\t<\/div>\n\t\t<\/div>\n\t\t\t\t<\/div>\n\t\t\t\t<\/div>\n\t\t\t\t<div class=\"elementor-element elementor-element-8347720 elementor-position-left elementor-view-default elementor-vertical-align-top elementor-widget elementor-widget-icon-box\" data-id=\"8347720\" data-element_type=\"widget\" data-widget_type=\"icon-box.default\">\n\t\t\t\t<div class=\"elementor-widget-container\">\n\t\t\t\t\t<div class=\"elementor-icon-box-wrapper\">\n\t\t\t\t\t\t<div class=\"elementor-icon-box-icon\">\n\t\t\t\t<span class=\"elementor-icon elementor-animation-\" >\n\t\t\t\t<i aria-hidden=\"true\" class=\"fas fa-phone-alt\"><\/i>\t\t\t\t<\/span>\n\t\t\t<\/div>\n\t\t\t\t\t\t<div class=\"elementor-icon-box-content\">\n\t\t\t\t<h3 class=\"elementor-icon-box-title\">\n\t\t\t\t\t<span >Tel\u00e9fono:<\/span>\n\t\t\t\t<\/h3>\n\t\t\t\t\t\t\t\t<p class=\"elementor-icon-box-description\">(+51)  904 097 231<\/p>\n\t\t\t\t\t\t\t<\/div>\n\t\t<\/div>\n\t\t\t\t<\/div>\n\t\t\t\t<\/div>\n\t\t\t\t<div class=\"elementor-element elementor-element-a96af4b elementor-position-left elementor-view-default elementor-vertical-align-top elementor-widget elementor-widget-icon-box\" data-id=\"a96af4b\" data-element_type=\"widget\" data-widget_type=\"icon-box.default\">\n\t\t\t\t<div class=\"elementor-widget-container\">\n\t\t\t\t\t<div class=\"elementor-icon-box-wrapper\">\n\t\t\t\t\t\t<div class=\"elementor-icon-box-icon\">\n\t\t\t\t<span class=\"elementor-icon elementor-animation-\" >\n\t\t\t\t<i aria-hidden=\"true\" class=\"fas fa-envelope\"><\/i>\t\t\t\t<\/span>\n\t\t\t<\/div>\n\t\t\t\t\t\t<div class=\"elementor-icon-box-content\">\n\t\t\t\t<h3 class=\"elementor-icon-box-title\">\n\t\t\t\t\t<span >Correo:<\/span>\n\t\t\t\t<\/h3>\n\t\t\t\t\t\t\t\t<p class=\"elementor-icon-box-description\">contacto@creativo.work<\/p>\n\t\t\t\t\t\t\t<\/div>\n\t\t<\/div>\n\t\t\t\t<\/div>\n\t\t\t\t<\/div>\n\t\t\t\t<div class=\"elementor-element elementor-element-c4c4a25 elementor-position-left elementor-view-default elementor-vertical-align-top elementor-widget elementor-widget-icon-box\" data-id=\"c4c4a25\" data-element_type=\"widget\" data-widget_type=\"icon-box.default\">\n\t\t\t\t<div class=\"elementor-widget-container\">\n\t\t\t\t\t<div class=\"elementor-icon-box-wrapper\">\n\t\t\t\t\t\t<div class=\"elementor-icon-box-icon\">\n\t\t\t\t<span class=\"elementor-icon elementor-animation-\" >\n\t\t\t\t<i aria-hidden=\"true\" class=\"far fa-clock\"><\/i>\t\t\t\t<\/span>\n\t\t\t<\/div>\n\t\t\t\t\t\t<div class=\"elementor-icon-box-content\">\n\t\t\t\t<h3 class=\"elementor-icon-box-title\">\n\t\t\t\t\t<span >Horario:<\/span>\n\t\t\t\t<\/h3>\n\t\t\t\t\t\t\t\t<p class=\"elementor-icon-box-description\">Lunes a Viernes: \n9:00 am a 6:00 Pm\nS\u00e1bado: 9:00 am a 1:00 Pm\n\n<\/p>\n\t\t\t\t\t\t\t<\/div>\n\t\t<\/div>\n\t\t\t\t<\/div>\n\t\t\t\t<\/div>\n\t\t\t\t\t\t<\/div>\n\t\t\t\t\t<\/div>\n\t\t<\/div>\n\t\t\t\t\t\t\t\t<\/div>\n\t\t\t\t\t<\/div>\n\t\t<\/section>\n\t\t\t\t<section class=\"elementor-section elementor-inner-section elementor-element elementor-element-4d797e0 elementor-section-boxed elementor-section-height-default elementor-section-height-default\" data-id=\"4d797e0\" data-element_type=\"section\">\n\t\t\t\t\t\t<div class=\"elementor-container elementor-column-gap-default\">\n\t\t\t\t\t\t\t<div class=\"elementor-row\">\n\t\t\t\t\t<div class=\"elementor-column elementor-col-100 elementor-inner-column elementor-element elementor-element-2b7c858\" data-id=\"2b7c858\" data-element_type=\"column\">\n\t\t\t<div class=\"elementor-column-wrap elementor-element-populated\">\n\t\t\t\t\t\t\t<div class=\"elementor-widget-wrap\">\n\t\t\t\t\t\t<div class=\"elementor-element elementor-element-e05222e elementor-widget elementor-widget-spacer\" data-id=\"e05222e\" data-element_type=\"widget\" data-widget_type=\"spacer.default\">\n\t\t\t\t<div class=\"elementor-widget-container\">\n\t\t\t\t\t<div class=\"elementor-spacer\">\n\t\t\t<div class=\"elementor-spacer-inner\"><\/div>\n\t\t<\/div>\n\t\t\t\t<\/div>\n\t\t\t\t<\/div>\n\t\t\t\t\t\t<\/div>\n\t\t\t\t\t<\/div>\n\t\t<\/div>\n\t\t\t\t\t\t\t\t<\/div>\n\t\t\t\t\t<\/div>\n\t\t<\/section>\n\t\t\t\t<section class=\"elementor-section elementor-inner-section elementor-element elementor-element-f0ba829 elementor-section-boxed elementor-section-height-default elementor-section-height-default\" data-id=\"f0ba829\" data-element_type=\"section\">\n\t\t\t\t\t\t<div class=\"elementor-container elementor-column-gap-default\">\n\t\t\t\t\t\t\t<div class=\"elementor-row\">\n\t\t\t\t\t<div class=\"elementor-column elementor-col-33 elementor-inner-column elementor-element elementor-element-c2b3e74\" data-id=\"c2b3e74\" data-element_type=\"column\">\n\t\t\t<div class=\"elementor-column-wrap elementor-element-populated\">\n\t\t\t\t\t\t\t<div class=\"elementor-widget-wrap\">\n\t\t\t\t\t\t<div class=\"elementor-element elementor-element-e42d2d8 elementor-widget elementor-widget-text-editor\" data-id=\"e42d2d8\" data-element_type=\"widget\" data-widget_type=\"text-editor.default\">\n\t\t\t\t<div class=\"elementor-widget-container\">\n\t\t\t\t\t<div class=\"elementor-text-editor elementor-clearfix\"><h3><span style=\"color: #f0f0f0;\">Haznos saber tu requerimiento, escr\u00edbenos ahora<\/span><\/h3>\n<h3><span style=\"color: #f0f0f0;\"><\/span><\/h3><\/div>\n\t\t\t\t<\/div>\n\t\t\t\t<\/div>\n\t\t\t\t<div class=\"elementor-element elementor-element-a14d851 elementor-shape-circle elementor-grid-0 elementor-widget elementor-widget-social-icons\" data-id=\"a14d851\" data-element_type=\"widget\" data-widget_type=\"social-icons.default\">\n\t\t\t\t<div class=\"elementor-widget-container\">\n\t\t\t\t\t<div class=\"elementor-social-icons-wrapper elementor-grid\">\n\t\t\t\t\t\t\t<div class=\"elementor-grid-item\">\n\t\t\t\t\t<a class=\"elementor-icon elementor-social-icon elementor-social-icon-facebook elementor-repeater-item-119abaf\" href=\"https:\/\/www.facebook.com\/\" target=\"_blank\">\n\t\t\t\t\t\t<span class=\"elementor-screen-only\">Facebook<\/span>\n\t\t\t\t\t\t<i class=\"fab fa-facebook\"><\/i>\t\t\t\t\t<\/a>\n\t\t\t\t<\/div>\n\t\t\t\t\t\t\t<div class=\"elementor-grid-item\">\n\t\t\t\t\t<a class=\"elementor-icon elementor-social-icon elementor-social-icon-instagram elementor-repeater-item-953e1c5\" target=\"_blank\">\n\t\t\t\t\t\t<span class=\"elementor-screen-only\">Instagram<\/span>\n\t\t\t\t\t\t<i class=\"fab fa-instagram\"><\/i>\t\t\t\t\t<\/a>\n\t\t\t\t<\/div>\n\t\t\t\t\t\t\t<div class=\"elementor-grid-item\">\n\t\t\t\t\t<a class=\"elementor-icon elementor-social-icon elementor-social-icon-linkedin elementor-repeater-item-135ebbc\" href=\"#\" target=\"_blank\">\n\t\t\t\t\t\t<span class=\"elementor-screen-only\">Linkedin<\/span>\n\t\t\t\t\t\t<i class=\"fab fa-linkedin\"><\/i>\t\t\t\t\t<\/a>\n\t\t\t\t<\/div>\n\t\t\t\t\t<\/div>\n\t\t\t\t<\/div>\n\t\t\t\t<\/div>\n\t\t\t\t\t\t<\/div>\n\t\t\t\t\t<\/div>\n\t\t<\/div>\n\t\t\t\t<div class=\"elementor-column elementor-col-66 elementor-inner-column elementor-element elementor-element-45cc909\" data-id=\"45cc909\" data-element_type=\"column\">\n\t\t\t<div class=\"elementor-column-wrap elementor-element-populated\">\n\t\t\t\t\t\t\t<div class=\"elementor-widget-wrap\">\n\t\t\t\t\t\t<div class=\"elementor-element elementor-element-1c4b936 elementor-widget elementor-widget-text-editor\" data-id=\"1c4b936\" data-element_type=\"widget\" data-widget_type=\"text-editor.default\">\n\t\t\t\t<div class=\"elementor-widget-container\">\n\t\t\t\t\t<div class=\"elementor-text-editor elementor-clearfix\"><div class=\"frm_forms  with_frm_style frm_style_estilo-de-formidable\" id=\"frm_form_2_container\" data-token=\"efb5043b37418f439bee99e2b25ca44b\">\n<form enctype=\"multipart\/form-data\" method=\"post\" class=\"frm-show-form \" id=\"form_contacto\"  data-token=\"efb5043b37418f439bee99e2b25ca44b\">\n<div class=\"frm_form_fields \">\n<fieldset>\n<legend class=\"frm_screen_reader\">Contacto<\/legend>\r\n\r\n<div class=\"frm_fields_container\">\n<input type=\"hidden\" name=\"frm_action\" value=\"create\" \/>\n<input type=\"hidden\" name=\"form_id\" value=\"2\" \/>\n<input type=\"hidden\" name=\"frm_hide_fields_2\" id=\"frm_hide_fields_2\" value=\"\" \/>\n<input type=\"hidden\" name=\"form_key\" value=\"contacto\" \/>\n<input type=\"hidden\" name=\"item_meta[0]\" value=\"\" \/>\n<input type=\"hidden\" id=\"frm_submit_entry_2\" name=\"frm_submit_entry_2\" value=\"5f4a370945\" \/><input type=\"hidden\" name=\"_wp_http_referer\" value=\"\/simcosac\/wp-json\/wp\/v2\/pages\/5858\" \/><div id=\"frm_field_12_container\" class=\"frm_form_field form-field  frm_top_container\">\r\n\t<label for=\"field_etl7l\" id=\"field_etl7l_label\" class=\"frm_primary_label\">Nombres\r\n\t\t<span class=\"frm_required\" aria-hidden=\"true\"><\/span>\r\n\t<\/label>\r\n\t<input type=\"text\" id=\"field_etl7l\" name=\"item_meta[12]\" value=\"\"  data-invmsg=\"Nombres no es v\u00e1lido\" aria-invalid=\"false\"  \/>\r\n\t\r\n\t\r\n<\/div>\n<div id=\"frm_field_13_container\" class=\"frm_form_field form-field  frm_top_container frm6 frm_first\">\n\t<label for=\"field_cw3ki\" id=\"field_cw3ki_label\" class=\"frm_primary_label\">E-mail\n\t\t<span class=\"frm_required\" aria-hidden=\"true\"><\/span>\n\t<\/label>\n\t<input type=\"text\" id=\"field_cw3ki\" name=\"item_meta[13]\" value=\"\"  data-invmsg=\"E-mail no es v\u00e1lido\" aria-invalid=\"false\"  \/>\n\t\n\t\n<\/div>\n<div id=\"frm_field_14_container\" class=\"frm_form_field form-field  frm_top_container frm6\">\n\t<label for=\"field_ivjg6\" id=\"field_ivjg6_label\" class=\"frm_primary_label\">Tel\u00e9fono\n\t\t<span class=\"frm_required\" aria-hidden=\"true\"><\/span>\n\t<\/label>\n\t<input type=\"text\" id=\"field_ivjg6\" name=\"item_meta[14]\" value=\"\"  data-invmsg=\"Tel\u00e9fono no es v\u00e1lido\" aria-invalid=\"false\"  \/>\n\t\n\t\n<\/div>\n<div id=\"frm_field_11_container\" class=\"frm_form_field form-field  frm_top_container\">\r\n\t<label for=\"field_usvmq\" id=\"field_usvmq_label\" class=\"frm_primary_label\">Mensaje\r\n\t\t<span class=\"frm_required\" aria-hidden=\"true\"><\/span>\r\n\t<\/label>\r\n\t<textarea name=\"item_meta[11]\" id=\"field_usvmq\" rows=\"3\"  data-invmsg=\"Mensaje no es v\u00e1lido\" aria-invalid=\"false\"  ><\/textarea>\r\n\t\r\n\t\r\n<\/div>\n<div id=\"frm_field_6_container\" class=\"frm_form_field form-field \">\r\n\t<div class=\"frm_submit frm_flex\">\r\n<button class=\"frm_button_submit\" type=\"submit\"  >Enviar Mensaje<\/button>\r\n\r\n\r\n\r\n<\/div>\r\n<\/div>\n\t<input type=\"hidden\" name=\"item_key\" value=\"\" \/>\n\t\t\t\t<div class=\"frm__667c726ca23bb\">\n\t\t\t\t<label for=\"frm_email_2\" >\n\t\t\t\t\tSi eres humano, deja este campo en blanco.\t\t\t\t<\/label>\n\t\t\t\t<input  id=\"frm_email_2\" type=\"text\" class=\"frm_verify\" name=\"frm__667c726ca23bb\" value=\"\" autocomplete=\"off\"  \/>\n\t\t\t<\/div>\n\t\t<\/div>\n<\/fieldset>\n<\/div>\n<\/form>\n<\/div>\n<\/div>\n\t\t\t\t<\/div>\n\t\t\t\t<\/div>\n\t\t\t\t\t\t<\/div>\n\t\t\t\t\t<\/div>\n\t\t<\/div>\n\t\t\t\t\t\t\t\t<\/div>\n\t\t\t\t\t<\/div>\n\t\t<\/section>\n\t\t\t\t\t\t<\/div>\n\t\t\t\t\t<\/div>\n\t\t<\/div>\n\t\t\t\t\t\t\t\t<\/div>\n\t\t\t\t\t<\/div>\n\t\t<\/section>\n\t\t\t\t\t\t<\/div>\n\t\t\t\t\t\t<\/div>\n\t\t\t\t\t<\/div>\n\t\t","protected":false},"excerpt":{"rendered":"<p>Contacto Direcci\u00f3n: Av. Las Mercedes 336 Urb. Los Angeles Tel\u00e9fono: (+51) 904 097 231 Correo: contacto@creativo.work Horario: Lunes a Viernes: 9:00 am a 6:00 Pm S\u00e1bado:<span class=\"excerpt-hellip\"> [\u2026]<\/span><\/p>\n","protected":false},"author":3,"featured_media":0,"parent":0,"menu_order":0,"comment_status":"closed","ping_status":"closed","template":"","meta":{"_joinchat":[],"footnotes":""},"class_list":["post-5858","page","type-page","status-publish","hentry"],"yoast_head":"<!-- This site is optimized with the Yoast SEO plugin v22.9 - https:\/\/yoast.com\/wordpress\/plugins\/seo\/ -->\n<title>Cont\u00e1ctenos - SIMCO<\/title>\n<meta name=\"robots\" content=\"index, follow, max-snippet:-1, max-image-preview:large, max-video-preview:-1\" \/>\n<link rel=\"canonical\" href=\"https:\/\/creativo.work\/simcosac\/contactenos\/\" \/>\n<meta property=\"og:locale\" content=\"es_ES\" \/>\n<meta property=\"og:type\" content=\"article\" \/>\n<meta property=\"og:title\" content=\"Cont\u00e1ctenos - SIMCO\" \/>\n<meta property=\"og:description\" content=\"Contacto Direcci\u00f3n: Av. Las Mercedes 336 Urb. Los Angeles Tel\u00e9fono: (+51) 904 097 231 Correo: contacto@creativo.work Horario: Lunes a Viernes: 9:00 am a 6:00 Pm S\u00e1bado: [\u2026]\" \/>\n<meta property=\"og:url\" content=\"https:\/\/creativo.work\/simcosac\/contactenos\/\" \/>\n<meta property=\"og:site_name\" content=\"SIMCO\" \/>\n<meta property=\"article:publisher\" content=\"https:\/\/www.facebook.com\/mabiperu.asesoria\" \/>\n<meta property=\"article:modified_time\" content=\"2024-06-26T20:10:11+00:00\" \/>\n<meta property=\"og:image\" content=\"https:\/\/creativo.work\/simcosac\/wp-content\/uploads\/elementor\/thumbs\/contact-qpwmxcwusv8abq72dwa74t1h9j2a0mkmiax5gz1ngg.jpg\" \/>\n<meta name=\"twitter:card\" content=\"summary_large_image\" \/>\n<meta name=\"twitter:site\" content=\"@CtMabi\" \/>\n<meta name=\"twitter:label1\" content=\"Tiempo de lectura\" \/>\n\t<meta name=\"twitter:data1\" content=\"1 minuto\" \/>\n<script type=\"application\/ld+json\" class=\"yoast-schema-graph\">{\"@context\":\"https:\/\/schema.org\",\"@graph\":[{\"@type\":\"WebPage\",\"@id\":\"https:\/\/creativo.work\/simcosac\/contactenos\/\",\"url\":\"https:\/\/creativo.work\/simcosac\/contactenos\/\",\"name\":\"Cont\u00e1ctenos - SIMCO\",\"isPartOf\":{\"@id\":\"https:\/\/creativo.work\/simcosac\/#website\"},\"primaryImageOfPage\":{\"@id\":\"https:\/\/creativo.work\/simcosac\/contactenos\/#primaryimage\"},\"image\":{\"@id\":\"https:\/\/creativo.work\/simcosac\/contactenos\/#primaryimage\"},\"thumbnailUrl\":\"https:\/\/creativo.work\/simcosac\/wp-content\/uploads\/elementor\/thumbs\/contact-qpwmxcwusv8abq72dwa74t1h9j2a0mkmiax5gz1ngg.jpg\",\"datePublished\":\"2024-06-19T20:17:22+00:00\",\"dateModified\":\"2024-06-26T20:10:11+00:00\",\"breadcrumb\":{\"@id\":\"https:\/\/creativo.work\/simcosac\/contactenos\/#breadcrumb\"},\"inLanguage\":\"es\",\"potentialAction\":[{\"@type\":\"ReadAction\",\"target\":[\"https:\/\/creativo.work\/simcosac\/contactenos\/\"]}]},{\"@type\":\"ImageObject\",\"inLanguage\":\"es\",\"@id\":\"https:\/\/creativo.work\/simcosac\/contactenos\/#primaryimage\",\"url\":\"https:\/\/creativo.work\/simcosac\/wp-content\/uploads\/elementor\/thumbs\/contact-qpwmxcwusv8abq72dwa74t1h9j2a0mkmiax5gz1ngg.jpg\",\"contentUrl\":\"https:\/\/creativo.work\/simcosac\/wp-content\/uploads\/elementor\/thumbs\/contact-qpwmxcwusv8abq72dwa74t1h9j2a0mkmiax5gz1ngg.jpg\"},{\"@type\":\"BreadcrumbList\",\"@id\":\"https:\/\/creativo.work\/simcosac\/contactenos\/#breadcrumb\",\"itemListElement\":[{\"@type\":\"ListItem\",\"position\":1,\"name\":\"Portada\",\"item\":\"https:\/\/creativo.work\/simcosac\/\"},{\"@type\":\"ListItem\",\"position\":2,\"name\":\"Cont\u00e1ctenos\"}]},{\"@type\":\"WebSite\",\"@id\":\"https:\/\/creativo.work\/simcosac\/#website\",\"url\":\"https:\/\/creativo.work\/simcosac\/\",\"name\":\"Mabi | Gesti\u00f3n para la mejora continua\",\"description\":\"\",\"publisher\":{\"@id\":\"https:\/\/creativo.work\/simcosac\/#organization\"},\"potentialAction\":[{\"@type\":\"SearchAction\",\"target\":{\"@type\":\"EntryPoint\",\"urlTemplate\":\"https:\/\/creativo.work\/simcosac\/?s={search_term_string}\"},\"query-input\":\"required name=search_term_string\"}],\"inLanguage\":\"es\"},{\"@type\":\"Organization\",\"@id\":\"https:\/\/creativo.work\/simcosac\/#organization\",\"name\":\"CT MABI S.A.C.\",\"url\":\"https:\/\/creativo.work\/simcosac\/\",\"logo\":{\"@type\":\"ImageObject\",\"inLanguage\":\"es\",\"@id\":\"https:\/\/creativo.work\/simcosac\/#\/schema\/logo\/image\/\",\"url\":\"\",\"contentUrl\":\"\",\"caption\":\"CT MABI S.A.C.\"},\"image\":{\"@id\":\"https:\/\/creativo.work\/simcosac\/#\/schema\/logo\/image\/\"},\"sameAs\":[\"https:\/\/www.facebook.com\/mabiperu.asesoria\",\"https:\/\/x.com\/CtMabi\",\"https:\/\/www.instagram.com\/consultora_mabi\/\",\"https:\/\/www.youtube.com\/channel\/UCdNid-0gJ4FQC-FD1v9F1CQ\"]}]}<\/script>\n<!-- \/ Yoast SEO plugin. -->","yoast_head_json":{"title":"Cont\u00e1ctenos - SIMCO","robots":{"index":"index","follow":"follow","max-snippet":"max-snippet:-1","max-image-preview":"max-image-preview:large","max-video-preview":"max-video-preview:-1"},"canonical":"https:\/\/creativo.work\/simcosac\/contactenos\/","og_locale":"es_ES","og_type":"article","og_title":"Cont\u00e1ctenos - SIMCO","og_description":"Contacto Direcci\u00f3n: Av. Las Mercedes 336 Urb. Los Angeles Tel\u00e9fono: (+51) 904 097 231 Correo: contacto@creativo.work Horario: Lunes a Viernes: 9:00 am a 6:00 Pm S\u00e1bado: [\u2026]","og_url":"https:\/\/creativo.work\/simcosac\/contactenos\/","og_site_name":"SIMCO","article_publisher":"https:\/\/www.facebook.com\/mabiperu.asesoria","article_modified_time":"2024-06-26T20:10:11+00:00","og_image":[{"url":"https:\/\/creativo.work\/simcosac\/wp-content\/uploads\/elementor\/thumbs\/contact-qpwmxcwusv8abq72dwa74t1h9j2a0mkmiax5gz1ngg.jpg"}],"twitter_card":"summary_large_image","twitter_site":"@CtMabi","twitter_misc":{"Tiempo de lectura":"1 minuto"},"schema":{"@context":"https:\/\/schema.org","@graph":[{"@type":"WebPage","@id":"https:\/\/creativo.work\/simcosac\/contactenos\/","url":"https:\/\/creativo.work\/simcosac\/contactenos\/","name":"Cont\u00e1ctenos - SIMCO","isPartOf":{"@id":"https:\/\/creativo.work\/simcosac\/#website"},"primaryImageOfPage":{"@id":"https:\/\/creativo.work\/simcosac\/contactenos\/#primaryimage"},"image":{"@id":"https:\/\/creativo.work\/simcosac\/contactenos\/#primaryimage"},"thumbnailUrl":"https:\/\/creativo.work\/simcosac\/wp-content\/uploads\/elementor\/thumbs\/contact-qpwmxcwusv8abq72dwa74t1h9j2a0mkmiax5gz1ngg.jpg","datePublished":"2024-06-19T20:17:22+00:00","dateModified":"2024-06-26T20:10:11+00:00","breadcrumb":{"@id":"https:\/\/creativo.work\/simcosac\/contactenos\/#breadcrumb"},"inLanguage":"es","potentialAction":[{"@type":"ReadAction","target":["https:\/\/creativo.work\/simcosac\/contactenos\/"]}]},{"@type":"ImageObject","inLanguage":"es","@id":"https:\/\/creativo.work\/simcosac\/contactenos\/#primaryimage","url":"https:\/\/creativo.work\/simcosac\/wp-content\/uploads\/elementor\/thumbs\/contact-qpwmxcwusv8abq72dwa74t1h9j2a0mkmiax5gz1ngg.jpg","contentUrl":"https:\/\/creativo.work\/simcosac\/wp-content\/uploads\/elementor\/thumbs\/contact-qpwmxcwusv8abq72dwa74t1h9j2a0mkmiax5gz1ngg.jpg"},{"@type":"BreadcrumbList","@id":"https:\/\/creativo.work\/simcosac\/contactenos\/#breadcrumb","itemListElement":[{"@type":"ListItem","position":1,"name":"Portada","item":"https:\/\/creativo.work\/simcosac\/"},{"@type":"ListItem","position":2,"name":"Cont\u00e1ctenos"}]},{"@type":"WebSite","@id":"https:\/\/creativo.work\/simcosac\/#website","url":"https:\/\/creativo.work\/simcosac\/","name":"Mabi | Gesti\u00f3n para la mejora continua","description":"","publisher":{"@id":"https:\/\/creativo.work\/simcosac\/#organization"},"potentialAction":[{"@type":"SearchAction","target":{"@type":"EntryPoint","urlTemplate":"https:\/\/creativo.work\/simcosac\/?s={search_term_string}"},"query-input":"required name=search_term_string"}],"inLanguage":"es"},{"@type":"Organization","@id":"https:\/\/creativo.work\/simcosac\/#organization","name":"CT MABI S.A.C.","url":"https:\/\/creativo.work\/simcosac\/","logo":{"@type":"ImageObject","inLanguage":"es","@id":"https:\/\/creativo.work\/simcosac\/#\/schema\/logo\/image\/","url":"","contentUrl":"","caption":"CT MABI S.A.C."},"image":{"@id":"https:\/\/creativo.work\/simcosac\/#\/schema\/logo\/image\/"},"sameAs":["https:\/\/www.facebook.com\/mabiperu.asesoria","https:\/\/x.com\/CtMabi","https:\/\/www.instagram.com\/consultora_mabi\/","https:\/\/www.youtube.com\/channel\/UCdNid-0gJ4FQC-FD1v9F1CQ"]}]}},"_links":{"self":[{"href":"https:\/\/creativo.work\/simcosac\/wp-json\/wp\/v2\/pages\/5858","targetHints":{"allow":["GET"]}}],"collection":[{"href":"https:\/\/creativo.work\/simcosac\/wp-json\/wp\/v2\/pages"}],"about":[{"href":"https:\/\/creativo.work\/simcosac\/wp-json\/wp\/v2\/types\/page"}],"author":[{"embeddable":true,"href":"https:\/\/creativo.work\/simcosac\/wp-json\/wp\/v2\/users\/3"}],"replies":[{"embeddable":true,"href":"https:\/\/creativo.work\/simcosac\/wp-json\/wp\/v2\/comments?post=5858"}],"version-history":[{"count":28,"href":"https:\/\/creativo.work\/simcosac\/wp-json\/wp\/v2\/pages\/5858\/revisions"}],"predecessor-version":[{"id":6235,"href":"https:\/\/creativo.work\/simcosac\/wp-json\/wp\/v2\/pages\/5858\/revisions\/6235"}],"wp:attachment":[{"href":"https:\/\/creativo.work\/simcosac\/wp-json\/wp\/v2\/media?parent=5858"}],"curies":[{"name":"wp","href":"https:\/\/api.w.org\/{rel}","templated":true}]}}